{"id":6226,"date":"2025-08-31T16:28:43","date_gmt":"2025-08-31T16:28:43","guid":{"rendered":"https:\/\/lehoublonvillaron.fr\/?page_id=6226"},"modified":"2025-09-22T22:36:50","modified_gmt":"2025-09-22T22:36:50","slug":"fete-medievale-2025-k","status":"publish","type":"page","link":"https:\/\/lehoublonvillaron.fr\/index.php\/fete-medievale-2025-k\/","title":{"rendered":"F\u00eate M\u00e9di\u00e9vale 2025 k"},"content":{"rendered":"\n\n\n\n","protected":false},"excerpt":{"rendered":"","protected":false},"author":1,"featured_media":0,"parent":0,"menu_order":0,"comment_status":"closed","ping_status":"closed","template":"full-width","meta":{"saved_in_kubio":true,"footnotes":""},"class_list":["post-6226","page","type-page","status-publish","hentry"],"kubio_ai_page_context":{"short_desc":"","purpose":"general"},"rttpg_featured_image_url":null,"rttpg_author":{"display_name":"Cochon","author_link":"https:\/\/lehoublonvillaron.fr\/index.php\/author\/cochon\/"},"rttpg_comment":0,"rttpg_category":null,"rttpg_excerpt":null,"_links":{"self":[{"href":"https:\/\/lehoublonvillaron.fr\/index.php\/wp-json\/wp\/v2\/pages\/6226","targetHints":{"allow":["GET"]}}],"collection":[{"href":"https:\/\/lehoublonvillaron.fr\/index.php\/wp-json\/wp\/v2\/pages"}],"about":[{"href":"https:\/\/lehoublonvillaron.fr\/index.php\/wp-json\/wp\/v2\/types\/page"}],"author":[{"embeddable":true,"href":"https:\/\/lehoublonvillaron.fr\/index.php\/wp-json\/wp\/v2\/users\/1"}],"replies":[{"embeddable":true,"href":"https:\/\/lehoublonvillaron.fr\/index.php\/wp-json\/wp\/v2\/comments?post=6226"}],"version-history":[{"count":4,"href":"https:\/\/lehoublonvillaron.fr\/index.php\/wp-json\/wp\/v2\/pages\/6226\/revisions"}],"predecessor-version":[{"id":6610,"href":"https:\/\/lehoublonvillaron.fr\/index.php\/wp-json\/wp\/v2\/pages\/6226\/revisions\/6610"}],"wp:attachment":[{"href":"https:\/\/lehoublonvillaron.fr\/index.php\/wp-json\/wp\/v2\/media?parent=6226"}],"curies":[{"name":"wp","href":"https:\/\/api.w.org\/{rel}","templated":true}]}}